{"id":474,"date":"2019-08-15T06:55:39","date_gmt":"2019-08-15T06:55:39","guid":{"rendered":"http:\/\/31.217.196.214\/~fsmbanat\/?post_type=product&#038;p=474"},"modified":"2019-08-15T06:58:03","modified_gmt":"2019-08-15T06:58:03","slug":"oakley-square-wire-prescription-sunglasses","status":"publish","type":"product","link":"https:\/\/pattayaoptical.com\/fi\/product\/oakley-square-wire-prescription-sunglasses\/","title":{"rendered":"(English) Oakley Square Wire Prescription Sunglasses"},"content":{"rendered":"<p class=\"qtranxs-available-languages-message qtranxs-available-languages-message-fi\">T\u00e4m\u00e4 teksti on valitettavasti saatavilla vain kielill\u00e4: <a href=\"https:\/\/pattayaoptical.com\/en\/wp-json\/wp\/v2\/product\/474\" class=\"qtranxs-available-language-link qtranxs-available-language-link-en\" title=\"English\">English<\/a>.<\/p>","protected":false},"excerpt":{"rendered":"<p class=\"qtranxs-available-languages-message qtranxs-available-languages-message-fi\">T\u00e4m\u00e4 teksti on valitettavasti saatavilla vain kielill\u00e4: <a href=\"https:\/\/pattayaoptical.com\/en\/wp-json\/wp\/v2\/product\/474\" class=\"qtranxs-available-language-link qtranxs-available-language-link-en\" title=\"English\">English<\/a>.<\/p>\n","protected":false},"featured_media":0,"comment_status":"closed","ping_status":"closed","template":"","meta":{"_monsterinsights_skip_tracking":false,"_monsterinsights_sitenote_active":false,"_monsterinsights_sitenote_note":"","_monsterinsights_sitenote_category":0},"class_list":["post-474","product","type-product","status-publish","hentry","product_cat-sun-glasses"],"yoast_head":"<!-- This site is optimized with the Yoast SEO plugin v19.13 - https:\/\/yoast.com\/wordpress\/plugins\/seo\/ -->\n<title><\/title>\n<meta name=\"robots\" content=\"index, follow, max-snippet:-1, max-image-preview:large, max-video-preview:-1\" \/>\n<link rel=\"canonical\" href=\"https:\/\/pattayaoptical.com\/product\/oakley-square-wire-prescription-sunglasses\/\" \/>\n<meta property=\"og:locale\" content=\"fi_FI\" \/>\n<meta property=\"og:type\" content=\"article\" \/>\n<meta property=\"og:title\" content=\"[:en]Oakley Square Wire Prescription Sunglasses[:] - Pattaya Optical\" \/>\n<meta property=\"og:description\" content=\"[:en]The Oakley brand is universally recognized and is synonymous with innovative, quality craftsmanship.[:]\" \/>\n<meta property=\"og:url\" content=\"https:\/\/pattayaoptical.com\/product\/oakley-square-wire-prescription-sunglasses\/\" \/>\n<meta property=\"og:site_name\" content=\"Pattaya Optical\" \/>\n<meta property=\"article:modified_time\" content=\"2019-08-15T06:58:03+00:00\" \/>\n<meta name=\"twitter:card\" content=\"summary_large_image\" \/>\n<meta name=\"twitter:label1\" content=\"Arvioitu lukuaika\" \/>\n\t<meta name=\"twitter:data1\" content=\"1 minuutti\" \/>\n<script type=\"application\/ld+json\" class=\"yoast-schema-graph\">{\"@context\":\"https:\/\/schema.org\",\"@graph\":[{\"@type\":\"WebPage\",\"@id\":\"https:\/\/pattayaoptical.com\/product\/oakley-square-wire-prescription-sunglasses\/\",\"url\":\"https:\/\/pattayaoptical.com\/product\/oakley-square-wire-prescription-sunglasses\/\",\"name\":\"[:en]Oakley Square Wire Prescription Sunglasses[:] - Pattaya Optical\",\"isPartOf\":{\"@id\":\"https:\/\/pattayaoptical.com\/#website\"},\"datePublished\":\"2019-08-15T06:55:39+00:00\",\"dateModified\":\"2019-08-15T06:58:03+00:00\",\"breadcrumb\":{\"@id\":\"https:\/\/pattayaoptical.com\/product\/oakley-square-wire-prescription-sunglasses\/#breadcrumb\"},\"inLanguage\":\"fi\",\"potentialAction\":[{\"@type\":\"ReadAction\",\"target\":[\"https:\/\/pattayaoptical.com\/product\/oakley-square-wire-prescription-sunglasses\/\"]}]},{\"@type\":\"BreadcrumbList\",\"@id\":\"https:\/\/pattayaoptical.com\/product\/oakley-square-wire-prescription-sunglasses\/#breadcrumb\",\"itemListElement\":[{\"@type\":\"ListItem\",\"position\":1,\"name\":\"Home\",\"item\":\"https:\/\/pattayaoptical.com\/\"},{\"@type\":\"ListItem\",\"position\":2,\"name\":\"Products\",\"item\":\"https:\/\/pattayaoptical.com\/shop\/\"},{\"@type\":\"ListItem\",\"position\":3,\"name\":\"Oakley Square Wire Prescription Sunglasses\"}]},{\"@type\":\"WebSite\",\"@id\":\"https:\/\/pattayaoptical.com\/#website\",\"url\":\"https:\/\/pattayaoptical.com\/\",\"name\":\"Pattaya Optical\",\"description\":\"Optical services\",\"publisher\":{\"@id\":\"https:\/\/pattayaoptical.com\/#organization\"},\"potentialAction\":[{\"@type\":\"SearchAction\",\"target\":{\"@type\":\"EntryPoint\",\"urlTemplate\":\"https:\/\/pattayaoptical.com\/?s={search_term_string}\"},\"query-input\":\"required name=search_term_string\"}],\"inLanguage\":\"fi\"},{\"@type\":\"Organization\",\"@id\":\"https:\/\/pattayaoptical.com\/#organization\",\"name\":\"Pattaya Optical\",\"url\":\"https:\/\/pattayaoptical.com\/\",\"logo\":{\"@type\":\"ImageObject\",\"inLanguage\":\"fi\",\"@id\":\"https:\/\/pattayaoptical.com\/#\/schema\/logo\/image\/\",\"url\":\"https:\/\/pattayaoptical.com\/wp-content\/uploads\/2019\/08\/logoOP_small_orange.png\",\"contentUrl\":\"https:\/\/pattayaoptical.com\/wp-content\/uploads\/2019\/08\/logoOP_small_orange.png\",\"width\":800,\"height\":353,\"caption\":\"Pattaya Optical\"},\"image\":{\"@id\":\"https:\/\/pattayaoptical.com\/#\/schema\/logo\/image\/\"}}]}<\/script>\n<!-- \/ Yoast SEO plugin. -->","yoast_head_json":{"title":"[:en]Oakley Square Wire Prescription Sunglasses[:] - Pattaya Optical","robots":{"index":"index","follow":"follow","max-snippet":"max-snippet:-1","max-image-preview":"max-image-preview:large","max-video-preview":"max-video-preview:-1"},"canonical":"https:\/\/pattayaoptical.com\/product\/oakley-square-wire-prescription-sunglasses\/","og_locale":"fi_FI","og_type":"article","og_title":"[:en]Oakley Square Wire Prescription Sunglasses[:] - Pattaya Optical","og_description":"[:en]The Oakley brand is universally recognized and is synonymous with innovative, quality craftsmanship.[:]","og_url":"https:\/\/pattayaoptical.com\/product\/oakley-square-wire-prescription-sunglasses\/","og_site_name":"Pattaya Optical","article_modified_time":"2019-08-15T06:58:03+00:00","twitter_card":"summary_large_image","twitter_misc":{"Arvioitu lukuaika":"1 minuutti"},"schema":{"@context":"https:\/\/schema.org","@graph":[{"@type":"WebPage","@id":"https:\/\/pattayaoptical.com\/product\/oakley-square-wire-prescription-sunglasses\/","url":"https:\/\/pattayaoptical.com\/product\/oakley-square-wire-prescription-sunglasses\/","name":"[:en]Oakley Square Wire Prescription Sunglasses[:] - Pattaya Optical","isPartOf":{"@id":"https:\/\/pattayaoptical.com\/#website"},"datePublished":"2019-08-15T06:55:39+00:00","dateModified":"2019-08-15T06:58:03+00:00","breadcrumb":{"@id":"https:\/\/pattayaoptical.com\/product\/oakley-square-wire-prescription-sunglasses\/#breadcrumb"},"inLanguage":"fi","potentialAction":[{"@type":"ReadAction","target":["https:\/\/pattayaoptical.com\/product\/oakley-square-wire-prescription-sunglasses\/"]}]},{"@type":"BreadcrumbList","@id":"https:\/\/pattayaoptical.com\/product\/oakley-square-wire-prescription-sunglasses\/#breadcrumb","itemListElement":[{"@type":"ListItem","position":1,"name":"Home","item":"https:\/\/pattayaoptical.com\/"},{"@type":"ListItem","position":2,"name":"Products","item":"https:\/\/pattayaoptical.com\/shop\/"},{"@type":"ListItem","position":3,"name":"Oakley Square Wire Prescription Sunglasses"}]},{"@type":"WebSite","@id":"https:\/\/pattayaoptical.com\/#website","url":"https:\/\/pattayaoptical.com\/","name":"Pattaya Optical","description":"Optical services","publisher":{"@id":"https:\/\/pattayaoptical.com\/#organization"},"potentialAction":[{"@type":"SearchAction","target":{"@type":"EntryPoint","urlTemplate":"https:\/\/pattayaoptical.com\/?s={search_term_string}"},"query-input":"required name=search_term_string"}],"inLanguage":"fi"},{"@type":"Organization","@id":"https:\/\/pattayaoptical.com\/#organization","name":"Pattaya Optical","url":"https:\/\/pattayaoptical.com\/","logo":{"@type":"ImageObject","inLanguage":"fi","@id":"https:\/\/pattayaoptical.com\/#\/schema\/logo\/image\/","url":"https:\/\/pattayaoptical.com\/wp-content\/uploads\/2019\/08\/logoOP_small_orange.png","contentUrl":"https:\/\/pattayaoptical.com\/wp-content\/uploads\/2019\/08\/logoOP_small_orange.png","width":800,"height":353,"caption":"Pattaya Optical"},"image":{"@id":"https:\/\/pattayaoptical.com\/#\/schema\/logo\/image\/"}}]}},"_links":{"self":[{"href":"https:\/\/pattayaoptical.com\/fi\/wp-json\/wp\/v2\/product\/474","targetHints":{"allow":["GET"]}}],"collection":[{"href":"https:\/\/pattayaoptical.com\/fi\/wp-json\/wp\/v2\/product"}],"about":[{"href":"https:\/\/pattayaoptical.com\/fi\/wp-json\/wp\/v2\/types\/product"}],"replies":[{"embeddable":true,"href":"https:\/\/pattayaoptical.com\/fi\/wp-json\/wp\/v2\/comments?post=474"}],"wp:attachment":[{"href":"https:\/\/pattayaoptical.com\/fi\/wp-json\/wp\/v2\/media?parent=474"}],"curies":[{"name":"wp","href":"https:\/\/api.w.org\/{rel}","templated":true}]}}