{"id":562,"date":"2019-08-30T03:14:55","date_gmt":"2019-08-30T03:14:55","guid":{"rendered":"http:\/\/pattayaoptical.com\/?page_id=562"},"modified":"2022-06-06T12:23:45","modified_gmt":"2022-06-06T12:23:45","slug":"progressive-lens","status":"publish","type":"page","link":"https:\/\/pattayaoptical.com\/fi\/progressive-lens\/","title":{"rendered":"Edistyksellinen linssi"},"content":{"rendered":"<p>Uusinta vapaamuotoista tekniikkaa suositellaan linssien pintak\u00e4sittelyss\u00e4 nyky\u00e4\u00e4n kaikille multifokaalisten tai progressiivisten linssien k\u00e4ytt\u00e4jille. Vaikka kaikki linssien valmistajat kilpailevat uusien monimutkaisten mallien kanssa saavuttaakseen laajemman luku-alueen, onko se aina parannus? Varmasti kuluttajat kuulevat vain hyv\u00e4t edut, mutta <strong>harvoin saa selville piilotettua tosiasiaa<\/strong>. Joten <strong>MIT\u00c4<\/strong> ja <strong>KUINKA VALITSET<\/strong> sitten?<\/p>\n<p>&nbsp;<\/p>\n<p><img loading=\"lazy\" decoding=\"async\" class=\"wp-image-582 aligncenter\" src=\"https:\/\/pattayaoptical.com\/wp-content\/uploads\/2019\/08\/Progressive-DistortionX-full.png\" alt=\"\" width=\"537\" height=\"419\" srcset=\"https:\/\/pattayaoptical.com\/wp-content\/uploads\/2019\/08\/Progressive-DistortionX-full.png 703w, https:\/\/pattayaoptical.com\/wp-content\/uploads\/2019\/08\/Progressive-DistortionX-full-300x234.png 300w, https:\/\/pattayaoptical.com\/wp-content\/uploads\/2019\/08\/Progressive-DistortionX-full-600x469.png 600w\" sizes=\"auto, (max-width: 537px) 100vw, 537px\" \/><\/p>\n<p>&nbsp;<\/p>\n<p>Markkinointisuunnitelmat vaikuttavat laajasti linssien hintoihin. Kun n\u00e4m\u00e4 eiv\u00e4t ole ostajan markkinat, ei ole kyse siit\u00e4 kuinka paljon rahaa ostajan tulisi k\u00e4ytt\u00e4\u00e4, vaan kyse on siit\u00e4 kuinka paljon totuudenmukaisuutta optometristi tai myyj\u00e4 voi paljastaa. Seuraavat tiedot selitt\u00e4v\u00e4t tosiasiat siit\u00e4, kuinka linssi on suunniteltu.<\/p>\n<p>Ota hetki aikaa ja lue kuinka linssit on suunnittelua.<br \/>\nMarkkinoilla on 3 pintak\u00e4sittelytyyppi\u00e4:<\/p>\n<ol>\n<li>Etu- tai tavanomaisella pintak\u00e4sittelyll\u00e4 on korjaava et\u00e4isyysteho sis\u00e4pinnalla ja lis\u00e4lukematon teho ulkopinnalla.<\/li>\n<li>Kaksinkertaisella pinnoituksella on et\u00e4teho sis\u00e4pinnalla ja jaettu lukuteho molemmilla pinnoilla.<\/li>\n<li>T\u00e4ysi takana oleva pinnoite yhdist\u00e4\u00e4 sek\u00e4 et\u00e4isyyden ett\u00e4 lukuarvon vain sis\u00e4pinnalla, ulkopinta on tyhj\u00e4 tai pallomainen. T\u00e4m\u00e4 on nyky\u00e4\u00e4n eniten myydyin tyyppi.<\/li>\n<\/ol>\n<p>Kaikki pintatyypit on suunniteltu erilaisilla hiomaohjelmilla:<br \/>\nKuvittele py\u00f6re\u00e4 kauha, pohja vaakatasossa ja joka on melkein t\u00e4ynn\u00e4 vett\u00e4. Vesim\u00e4\u00e4r\u00e4 edustaa tarvitsemiesi linssien tehoa, se ei voi olla enemm\u00e4n tai v\u00e4hemm\u00e4n. Yl\u00e4veden pinta edustaa lukemisen n\u00e4k\u00f6kentt\u00e4\u00e4 ja pohjan muoto j\u00e4ljittelee pintarakennetta.<\/p>\n<ol>\n<li style=\"list-style-type: none;\">\n<ol>\n<li><strong>Vakio tai perinteinen muotoilu.<\/strong><br \/>\nEnsimm\u00e4inen kuva simuloi perinteist\u00e4 takaosan ja etupinnan malleja, joista on hy\u00f6ty\u00e4 tietyiss\u00e4 erityistarkoituksissa. T\u00e4m\u00e4n mallin valmistuohjeella voisi olla l\u00e4hes sama suorituskyky kuin premium malleissa.<img loading=\"lazy\" decoding=\"async\" class=\"aligncenter size-full wp-image-583\" src=\"https:\/\/pattayaoptical.com\/wp-content\/uploads\/2019\/08\/p1.png\" alt=\"\" width=\"253\" height=\"88\" \/><\/li>\n<li><strong>Edistyksellinen muotoilu.<\/strong><br \/>\nLukukent\u00e4n laajentamiseksi suunnitellaan matalampi lokero, johon mahtuu saman m\u00e4\u00e4r\u00e4n vett\u00e4 ja pohja on edelleen vaakatasossa, ohjelmistolla viimeistell\u00e4\u00e4n linssinhionta. P\u00e4\u00e4tarkoitus on poistaa v\u00e4\u00e4ristym\u00e4t paremman mukavuuden aikaansaamiseksi, mik\u00e4 johtaa parempaan lukemiseen ja keskin\u00e4kym\u00e4\u00e4n erityisesti suurilla pallo- ja lieri\u00f6tehoilla. Edistyksellisi\u00e4 t\u00e4ydellisi\u00e4 takapuolen ja kaksinkertaisen pinnan malleja suositellaan suurempina voimina.<\/p>\n<p>Molemmat yll\u00e4 olevat mallit on valmistettu tehtaalla ennalta m\u00e4\u00e4ritettyjen asetusparametrien mukaisesti. Jos kehyksill\u00e4 on vakioparametrit esim. k\u00e4yr\u00e4, pantoskooppinen kallistuskulma ja k\u00e4rkipisteen et\u00e4isyys, ei tarvitse l\u00f6yt\u00e4\u00e4 mit\u00e4\u00e4n muuta kalliimpaa linssi\u00e4 paremman lopputuloksen saavuttamiseksi. Erityisi\u00e4 vaatimuksia ja k\u00e4ytt\u00f6tarkoituksia varten on my\u00f6s lis\u00e4tty yksil\u00f6llisi\u00e4 pienimuotoisia suunnitteluvaihtoehtoja. Konsultaatio optometristin kanssa opastaa oikeaan ratkaisuun.<br \/>\n<img loading=\"lazy\" decoding=\"async\" class=\"aligncenter size-full wp-image-584\" src=\"https:\/\/pattayaoptical.com\/wp-content\/uploads\/2019\/08\/p2.png\" alt=\"\" width=\"316\" height=\"86\" srcset=\"https:\/\/pattayaoptical.com\/wp-content\/uploads\/2019\/08\/p2.png 316w, https:\/\/pattayaoptical.com\/wp-content\/uploads\/2019\/08\/p2-300x82.png 300w\" sizes=\"auto, (max-width: 316px) 100vw, 316px\" \/><\/li>\n<li><strong>Mukautettu muotoilu.<\/strong><br \/>\nEnt\u00e4 jos \u00e4mp\u00e4ri on syd\u00e4men muotoinen py\u00f6re\u00e4n sijasta? Millaisen pinnan alaosan tulisi olla, jotta s\u00e4ilyy sama lukuleveys kuin entisess\u00e4 edistyneess\u00e4 muotoilussa? Kun kehykset eiv\u00e4t ole tavallisia, linssin pinta on muokattava kehyksien parametrien mukaan istuen tietyss\u00e4 nen\u00e4n korkeuspisteess\u00e4. Pohjapinnan on oltava ep\u00e4tasaista, joten sit\u00e4 ei voi sijoittaa mihink\u00e4\u00e4n. Niiden sijoittaminen v\u00e4\u00e4rink\u00e4ytt\u00e4m\u00e4tt\u00e4 laseja alkuper\u00e4isess\u00e4 asennusasennossa tai my\u00f6hempin\u00e4 p\u00e4ivin\u00e4 kehykset taipuvat alkuper\u00e4isest\u00e4 muodostaan, tulos on puutteellinen. T\u00e4m\u00e4n suunnittelun tarkoituksena ei ole laajentaa lukualuetta, vaan ratkaista ongelma poikkeuksellisissa olosuhteissa. Suurin osa linssitoimittajista nime\u00e4\u00e4 ne &#8221;huippuluokan laaduksi&#8221; varmasti myyntihinnan korottamiseksi, mutta eiv\u00e4t korosta onko se v\u00e4ltt\u00e4m\u00e4t\u00f6nt\u00e4 vai ei. Lis\u00e4ksi t\u00e4m\u00e4n mukautetun suunnittelun tulisi m\u00e4\u00e4r\u00e4t\u00e4 p\u00e4tev\u00e4 optometristi, jolla on paljon asiantuntemusta. Kaikki mitatut parametrit on korjattava tarkasti, muuten tulos voi olla virheellinen.<\/li>\n<\/ol>\n<\/li>\n<\/ol>\n<p><img loading=\"lazy\" decoding=\"async\" class=\"aligncenter size-full wp-image-585\" src=\"https:\/\/pattayaoptical.com\/wp-content\/uploads\/2019\/08\/p3.png\" alt=\"\" width=\"294\" height=\"112\" \/><\/p>\n<p>&nbsp;<\/p>\n<p><strong>Pattaya Optical<\/strong>:ssa emme esit\u00e4 linssitoimittajilta valmistettuja kuvia tai videoita, jotka vakuuttaa asiakkaat lopulta uskomaan ja maksamaan ylihintaiset linssit. Kenties helppo tapa myyd\u00e4, mutta tosiasiassa tuloksena on paljon valituksia, markkinointimainoksissa oleva viesti ei ole samanlainen mik\u00e4 olisi oikea ratkaisu asiakkaalle ja sen me haluamme teille tarjota.<\/p>","protected":false},"excerpt":{"rendered":"<p>Uusinta vapaamuotoista tekniikkaa suositellaan linssien pintak\u00e4sittelyss\u00e4 nyky\u00e4\u00e4n kaikille multifokaalisten tai progressiivisten linssien k\u00e4ytt\u00e4jille. Vaikka kaikki linssien valmistajat kilpailevat uusien monimutkaisten mallien kanssa saavuttaakseen laajemman luku-alueen, onko se aina parannus? Varmasti kuluttajat kuulevat vain hyv\u00e4t edut, mutta harvoin saa selville piilotettua tosiasiaa. Joten MIT\u00c4 ja KUINKA VALITSET sitten? &nbsp; &nbsp; Markkinointisuunnitelmat vaikuttavat laajasti linssien hintoihin. Kun&#8230; <\/p>\n","protected":false},"author":1,"featured_media":0,"parent":0,"menu_order":0,"comment_status":"closed","ping_status":"closed","template":"no-sidebar.php","meta":{"_monsterinsights_skip_tracking":false,"_monsterinsights_sitenote_active":false,"_monsterinsights_sitenote_note":"","_monsterinsights_sitenote_category":0,"footnotes":""},"class_list":["post-562","page","type-page","status-publish","hentry"],"yoast_head":"<!-- This site is optimized with the Yoast SEO plugin v19.13 - https:\/\/yoast.com\/wordpress\/plugins\/seo\/ -->\n<title>Edistyksellinen linssi - Pattaya Optical<\/title>\n<meta name=\"robots\" content=\"index, follow, max-snippet:-1, max-image-preview:large, max-video-preview:-1\" \/>\n<link rel=\"canonical\" href=\"https:\/\/pattayaoptical.com\/progressive-lens\/\" \/>\n<meta property=\"og:locale\" content=\"fi_FI\" \/>\n<meta property=\"og:type\" content=\"article\" \/>\n<meta property=\"og:title\" content=\"[:en]Progressive Lens[:fi]Edistyksellinen linssi[:] - Pattaya Optical\" \/>\n<meta property=\"og:description\" content=\"Uusinta vapaamuotoista tekniikkaa suositellaan linssien pintak\u00e4sittelyss\u00e4 nyky\u00e4\u00e4n kaikille multifokaalisten tai progressiivisten linssien k\u00e4ytt\u00e4jille. Vaikka kaikki linssien valmistajat kilpailevat uusien monimutkaisten mallien kanssa saavuttaakseen laajemman luku-alueen, onko se aina parannus? Varmasti kuluttajat kuulevat vain hyv\u00e4t edut, mutta harvoin saa selville piilotettua tosiasiaa. Joten MIT\u00c4 ja KUINKA VALITSET sitten? &nbsp; &nbsp; Markkinointisuunnitelmat vaikuttavat laajasti linssien hintoihin. Kun...\" \/>\n<meta property=\"og:url\" content=\"https:\/\/pattayaoptical.com\/progressive-lens\/\" \/>\n<meta property=\"og:site_name\" content=\"Pattaya Optical\" \/>\n<meta property=\"article:modified_time\" content=\"2022-06-06T12:23:45+00:00\" \/>\n<meta property=\"og:image\" content=\"https:\/\/pattayaoptical.com\/wp-content\/uploads\/2019\/09\/Progressive-Dis4.png\" \/>\n<meta name=\"twitter:card\" content=\"summary_large_image\" \/>\n<meta name=\"twitter:label1\" content=\"Arvioitu lukuaika\" \/>\n\t<meta name=\"twitter:data1\" content=\"7 minuuttia\" \/>\n<script type=\"application\/ld+json\" class=\"yoast-schema-graph\">{\"@context\":\"https:\/\/schema.org\",\"@graph\":[{\"@type\":\"WebPage\",\"@id\":\"https:\/\/pattayaoptical.com\/progressive-lens\/\",\"url\":\"https:\/\/pattayaoptical.com\/progressive-lens\/\",\"name\":\"[:en]Progressive Lens[:fi]Edistyksellinen linssi[:] - Pattaya Optical\",\"isPartOf\":{\"@id\":\"https:\/\/pattayaoptical.com\/#website\"},\"datePublished\":\"2019-08-30T03:14:55+00:00\",\"dateModified\":\"2022-06-06T12:23:45+00:00\",\"breadcrumb\":{\"@id\":\"https:\/\/pattayaoptical.com\/progressive-lens\/#breadcrumb\"},\"inLanguage\":\"fi\",\"potentialAction\":[{\"@type\":\"ReadAction\",\"target\":[\"https:\/\/pattayaoptical.com\/progressive-lens\/\"]}]},{\"@type\":\"BreadcrumbList\",\"@id\":\"https:\/\/pattayaoptical.com\/progressive-lens\/#breadcrumb\",\"itemListElement\":[{\"@type\":\"ListItem\",\"position\":1,\"name\":\"Home\",\"item\":\"https:\/\/pattayaoptical.com\/\"},{\"@type\":\"ListItem\",\"position\":2,\"name\":\"Progressive Lens\"}]},{\"@type\":\"WebSite\",\"@id\":\"https:\/\/pattayaoptical.com\/#website\",\"url\":\"https:\/\/pattayaoptical.com\/\",\"name\":\"Pattaya Optical\",\"description\":\"Optical services\",\"publisher\":{\"@id\":\"https:\/\/pattayaoptical.com\/#organization\"},\"potentialAction\":[{\"@type\":\"SearchAction\",\"target\":{\"@type\":\"EntryPoint\",\"urlTemplate\":\"https:\/\/pattayaoptical.com\/?s={search_term_string}\"},\"query-input\":\"required name=search_term_string\"}],\"inLanguage\":\"fi\"},{\"@type\":\"Organization\",\"@id\":\"https:\/\/pattayaoptical.com\/#organization\",\"name\":\"Pattaya Optical\",\"url\":\"https:\/\/pattayaoptical.com\/\",\"logo\":{\"@type\":\"ImageObject\",\"inLanguage\":\"fi\",\"@id\":\"https:\/\/pattayaoptical.com\/#\/schema\/logo\/image\/\",\"url\":\"https:\/\/pattayaoptical.com\/wp-content\/uploads\/2019\/08\/logoOP_small_orange.png\",\"contentUrl\":\"https:\/\/pattayaoptical.com\/wp-content\/uploads\/2019\/08\/logoOP_small_orange.png\",\"width\":800,\"height\":353,\"caption\":\"Pattaya Optical\"},\"image\":{\"@id\":\"https:\/\/pattayaoptical.com\/#\/schema\/logo\/image\/\"}}]}<\/script>\n<!-- \/ Yoast SEO plugin. -->","yoast_head_json":{"title":"[:en]Progressive Lens[:fi]Edistyksellinen linssi[:] - Pattaya Optical","robots":{"index":"index","follow":"follow","max-snippet":"max-snippet:-1","max-image-preview":"max-image-preview:large","max-video-preview":"max-video-preview:-1"},"canonical":"https:\/\/pattayaoptical.com\/progressive-lens\/","og_locale":"fi_FI","og_type":"article","og_title":"[:en]Progressive Lens[:fi]Edistyksellinen linssi[:] - Pattaya Optical","og_description":"Uusinta vapaamuotoista tekniikkaa suositellaan linssien pintak\u00e4sittelyss\u00e4 nyky\u00e4\u00e4n kaikille multifokaalisten tai progressiivisten linssien k\u00e4ytt\u00e4jille. Vaikka kaikki linssien valmistajat kilpailevat uusien monimutkaisten mallien kanssa saavuttaakseen laajemman luku-alueen, onko se aina parannus? Varmasti kuluttajat kuulevat vain hyv\u00e4t edut, mutta harvoin saa selville piilotettua tosiasiaa. Joten MIT\u00c4 ja KUINKA VALITSET sitten? &nbsp; &nbsp; Markkinointisuunnitelmat vaikuttavat laajasti linssien hintoihin. Kun...","og_url":"https:\/\/pattayaoptical.com\/progressive-lens\/","og_site_name":"Pattaya Optical","article_modified_time":"2022-06-06T12:23:45+00:00","og_image":[{"url":"https:\/\/pattayaoptical.com\/wp-content\/uploads\/2019\/09\/Progressive-Dis4.png"}],"twitter_card":"summary_large_image","twitter_misc":{"Arvioitu lukuaika":"7 minuuttia"},"schema":{"@context":"https:\/\/schema.org","@graph":[{"@type":"WebPage","@id":"https:\/\/pattayaoptical.com\/progressive-lens\/","url":"https:\/\/pattayaoptical.com\/progressive-lens\/","name":"[:en]Progressive Lens[:fi]Edistyksellinen linssi[:] - Pattaya Optical","isPartOf":{"@id":"https:\/\/pattayaoptical.com\/#website"},"datePublished":"2019-08-30T03:14:55+00:00","dateModified":"2022-06-06T12:23:45+00:00","breadcrumb":{"@id":"https:\/\/pattayaoptical.com\/progressive-lens\/#breadcrumb"},"inLanguage":"fi","potentialAction":[{"@type":"ReadAction","target":["https:\/\/pattayaoptical.com\/progressive-lens\/"]}]},{"@type":"BreadcrumbList","@id":"https:\/\/pattayaoptical.com\/progressive-lens\/#breadcrumb","itemListElement":[{"@type":"ListItem","position":1,"name":"Home","item":"https:\/\/pattayaoptical.com\/"},{"@type":"ListItem","position":2,"name":"Progressive Lens"}]},{"@type":"WebSite","@id":"https:\/\/pattayaoptical.com\/#website","url":"https:\/\/pattayaoptical.com\/","name":"Pattaya Optical","description":"Optical services","publisher":{"@id":"https:\/\/pattayaoptical.com\/#organization"},"potentialAction":[{"@type":"SearchAction","target":{"@type":"EntryPoint","urlTemplate":"https:\/\/pattayaoptical.com\/?s={search_term_string}"},"query-input":"required name=search_term_string"}],"inLanguage":"fi"},{"@type":"Organization","@id":"https:\/\/pattayaoptical.com\/#organization","name":"Pattaya Optical","url":"https:\/\/pattayaoptical.com\/","logo":{"@type":"ImageObject","inLanguage":"fi","@id":"https:\/\/pattayaoptical.com\/#\/schema\/logo\/image\/","url":"https:\/\/pattayaoptical.com\/wp-content\/uploads\/2019\/08\/logoOP_small_orange.png","contentUrl":"https:\/\/pattayaoptical.com\/wp-content\/uploads\/2019\/08\/logoOP_small_orange.png","width":800,"height":353,"caption":"Pattaya Optical"},"image":{"@id":"https:\/\/pattayaoptical.com\/#\/schema\/logo\/image\/"}}]}},"_links":{"self":[{"href":"https:\/\/pattayaoptical.com\/fi\/wp-json\/wp\/v2\/pages\/562","targetHints":{"allow":["GET"]}}],"collection":[{"href":"https:\/\/pattayaoptical.com\/fi\/wp-json\/wp\/v2\/pages"}],"about":[{"href":"https:\/\/pattayaoptical.com\/fi\/wp-json\/wp\/v2\/types\/page"}],"author":[{"embeddable":true,"href":"https:\/\/pattayaoptical.com\/fi\/wp-json\/wp\/v2\/users\/1"}],"replies":[{"embeddable":true,"href":"https:\/\/pattayaoptical.com\/fi\/wp-json\/wp\/v2\/comments?post=562"}],"version-history":[{"count":80,"href":"https:\/\/pattayaoptical.com\/fi\/wp-json\/wp\/v2\/pages\/562\/revisions"}],"predecessor-version":[{"id":1368,"href":"https:\/\/pattayaoptical.com\/fi\/wp-json\/wp\/v2\/pages\/562\/revisions\/1368"}],"wp:attachment":[{"href":"https:\/\/pattayaoptical.com\/fi\/wp-json\/wp\/v2\/media?parent=562"}],"curies":[{"name":"wp","href":"https:\/\/api.w.org\/{rel}","templated":true}]}}