{"id":16,"date":"2019-08-08T09:17:20","date_gmt":"2019-08-08T09:17:20","guid":{"rendered":"http:\/\/31.217.196.214\/~fsmbanat\/?page_id=16"},"modified":"2026-04-04T07:10:20","modified_gmt":"2026-04-04T07:10:20","slug":"contact-lenses","status":"publish","type":"page","link":"https:\/\/pattayaoptical.com\/fi\/contact-lenses\/","title":{"rendered":"Piilolinssit"},"content":{"rendered":"<p><strong>Pehme\u00e4t ja kovat piilolinssit, my\u00f6s piilolinssien tarvikkeet<\/strong><\/p>\n<p>&nbsp;<\/p>\n<p><img loading=\"lazy\" decoding=\"async\" class=\"alignnone size-full wp-image-268\" src=\"\/wp-content\/uploads\/2019\/08\/soft-lenses-308050.jpg\" alt=\"\" width=\"662\" height=\"473\" srcset=\"https:\/\/pattayaoptical.com\/wp-content\/uploads\/2019\/08\/soft-lenses-308050.jpg 662w, https:\/\/pattayaoptical.com\/wp-content\/uploads\/2019\/08\/soft-lenses-308050-600x429.jpg 600w, https:\/\/pattayaoptical.com\/wp-content\/uploads\/2019\/08\/soft-lenses-308050-300x214.jpg 300w\" sizes=\"auto, (max-width: 662px) 100vw, 662px\" \/><\/p>\n<p>*Saatavilla on seuraavanlaisia kovia piilolinssej\u00e4:<\/p>\n<ul>\n<li>Boston ES<\/li>\n<li>Boston EO<\/li>\n<li>Boston Envision<\/li>\n<li>Boston XO , XO2<\/li>\n<li>Boston Multifocals<\/li>\n<li>Menicon Z<\/li>\n<li>Scleral Lens<\/li>\n<li>Scleral Lens Multifocals<\/li>\n<li>Keratoconus<\/li>\n<\/ul>\n<p><\/p>","protected":false},"excerpt":{"rendered":"<p>Pehme\u00e4t ja kovat piilolinssit, my\u00f6s piilolinssien tarvikkeet &nbsp; *Saatavilla on seuraavanlaisia kovia piilolinssej\u00e4: Boston ES Boston EO Boston Envision Boston XO , XO2 Boston Multifocals Menicon Z Scleral Lens Scleral Lens Multifocals Keratoconus<\/p>\n","protected":false},"author":1,"featured_media":0,"parent":0,"menu_order":0,"comment_status":"closed","ping_status":"closed","template":"left-sidebar.php","meta":{"_monsterinsights_skip_tracking":false,"_monsterinsights_sitenote_active":false,"_monsterinsights_sitenote_note":"","_monsterinsights_sitenote_category":0,"footnotes":""},"class_list":["post-16","page","type-page","status-publish","hentry"],"yoast_head":"<!-- This site is optimized with the Yoast SEO plugin v19.13 - https:\/\/yoast.com\/wordpress\/plugins\/seo\/ -->\n<title>Piilolinssit - Pattaya Optical<\/title>\n<meta name=\"robots\" content=\"index, follow, max-snippet:-1, max-image-preview:large, max-video-preview:-1\" \/>\n<link rel=\"canonical\" href=\"https:\/\/pattayaoptical.com\/contact-lenses\/\" \/>\n<meta property=\"og:locale\" content=\"fi_FI\" \/>\n<meta property=\"og:type\" content=\"article\" \/>\n<meta property=\"og:title\" content=\"[:en]Contact Lens[:fi]Piilolinssit[:] - Pattaya Optical\" \/>\n<meta property=\"og:description\" content=\"Pehme\u00e4t ja kovat piilolinssit, my\u00f6s piilolinssien tarvikkeet &nbsp; *Saatavilla on seuraavanlaisia kovia piilolinssej\u00e4: Boston ES Boston EO Boston Envision Boston XO , XO2 Boston Multifocals Menicon Z Scleral Lens Scleral Lens Multifocals Keratoconus\" \/>\n<meta property=\"og:url\" content=\"https:\/\/pattayaoptical.com\/contact-lenses\/\" \/>\n<meta property=\"og:site_name\" content=\"Pattaya Optical\" \/>\n<meta property=\"article:modified_time\" content=\"2026-04-04T07:10:20+00:00\" \/>\n<meta property=\"og:image\" content=\"https:\/\/pattayaoptical.com\/wp-content\/uploads\/2019\/09\/RGP-wearing.jpg\" \/>\n<meta name=\"twitter:card\" content=\"summary_large_image\" \/>\n<meta name=\"twitter:label1\" content=\"Arvioitu lukuaika\" \/>\n\t<meta name=\"twitter:data1\" content=\"2 minuuttia\" \/>\n<script type=\"application\/ld+json\" class=\"yoast-schema-graph\">{\"@context\":\"https:\/\/schema.org\",\"@graph\":[{\"@type\":\"WebPage\",\"@id\":\"https:\/\/pattayaoptical.com\/contact-lenses\/\",\"url\":\"https:\/\/pattayaoptical.com\/contact-lenses\/\",\"name\":\"[:en]Contact Lens[:fi]Piilolinssit[:] - Pattaya Optical\",\"isPartOf\":{\"@id\":\"https:\/\/pattayaoptical.com\/#website\"},\"datePublished\":\"2019-08-08T09:17:20+00:00\",\"dateModified\":\"2026-04-04T07:10:20+00:00\",\"breadcrumb\":{\"@id\":\"https:\/\/pattayaoptical.com\/contact-lenses\/#breadcrumb\"},\"inLanguage\":\"fi\",\"potentialAction\":[{\"@type\":\"ReadAction\",\"target\":[\"https:\/\/pattayaoptical.com\/contact-lenses\/\"]}]},{\"@type\":\"BreadcrumbList\",\"@id\":\"https:\/\/pattayaoptical.com\/contact-lenses\/#breadcrumb\",\"itemListElement\":[{\"@type\":\"ListItem\",\"position\":1,\"name\":\"Home\",\"item\":\"https:\/\/pattayaoptical.com\/\"},{\"@type\":\"ListItem\",\"position\":2,\"name\":\"Contact Lens\"}]},{\"@type\":\"WebSite\",\"@id\":\"https:\/\/pattayaoptical.com\/#website\",\"url\":\"https:\/\/pattayaoptical.com\/\",\"name\":\"Pattaya Optical\",\"description\":\"Optical services\",\"publisher\":{\"@id\":\"https:\/\/pattayaoptical.com\/#organization\"},\"potentialAction\":[{\"@type\":\"SearchAction\",\"target\":{\"@type\":\"EntryPoint\",\"urlTemplate\":\"https:\/\/pattayaoptical.com\/?s={search_term_string}\"},\"query-input\":\"required name=search_term_string\"}],\"inLanguage\":\"fi\"},{\"@type\":\"Organization\",\"@id\":\"https:\/\/pattayaoptical.com\/#organization\",\"name\":\"Pattaya Optical\",\"url\":\"https:\/\/pattayaoptical.com\/\",\"logo\":{\"@type\":\"ImageObject\",\"inLanguage\":\"fi\",\"@id\":\"https:\/\/pattayaoptical.com\/#\/schema\/logo\/image\/\",\"url\":\"https:\/\/pattayaoptical.com\/wp-content\/uploads\/2019\/08\/logoOP_small_orange.png\",\"contentUrl\":\"https:\/\/pattayaoptical.com\/wp-content\/uploads\/2019\/08\/logoOP_small_orange.png\",\"width\":800,\"height\":353,\"caption\":\"Pattaya Optical\"},\"image\":{\"@id\":\"https:\/\/pattayaoptical.com\/#\/schema\/logo\/image\/\"}}]}<\/script>\n<!-- \/ Yoast SEO plugin. -->","yoast_head_json":{"title":"[:en]Contact Lens[:fi]Piilolinssit[:] - Pattaya Optical","robots":{"index":"index","follow":"follow","max-snippet":"max-snippet:-1","max-image-preview":"max-image-preview:large","max-video-preview":"max-video-preview:-1"},"canonical":"https:\/\/pattayaoptical.com\/contact-lenses\/","og_locale":"fi_FI","og_type":"article","og_title":"[:en]Contact Lens[:fi]Piilolinssit[:] - Pattaya Optical","og_description":"Pehme\u00e4t ja kovat piilolinssit, my\u00f6s piilolinssien tarvikkeet &nbsp; *Saatavilla on seuraavanlaisia kovia piilolinssej\u00e4: Boston ES Boston EO Boston Envision Boston XO , XO2 Boston Multifocals Menicon Z Scleral Lens Scleral Lens Multifocals Keratoconus","og_url":"https:\/\/pattayaoptical.com\/contact-lenses\/","og_site_name":"Pattaya Optical","article_modified_time":"2026-04-04T07:10:20+00:00","og_image":[{"url":"https:\/\/pattayaoptical.com\/wp-content\/uploads\/2019\/09\/RGP-wearing.jpg"}],"twitter_card":"summary_large_image","twitter_misc":{"Arvioitu lukuaika":"2 minuuttia"},"schema":{"@context":"https:\/\/schema.org","@graph":[{"@type":"WebPage","@id":"https:\/\/pattayaoptical.com\/contact-lenses\/","url":"https:\/\/pattayaoptical.com\/contact-lenses\/","name":"[:en]Contact Lens[:fi]Piilolinssit[:] - Pattaya Optical","isPartOf":{"@id":"https:\/\/pattayaoptical.com\/#website"},"datePublished":"2019-08-08T09:17:20+00:00","dateModified":"2026-04-04T07:10:20+00:00","breadcrumb":{"@id":"https:\/\/pattayaoptical.com\/contact-lenses\/#breadcrumb"},"inLanguage":"fi","potentialAction":[{"@type":"ReadAction","target":["https:\/\/pattayaoptical.com\/contact-lenses\/"]}]},{"@type":"BreadcrumbList","@id":"https:\/\/pattayaoptical.com\/contact-lenses\/#breadcrumb","itemListElement":[{"@type":"ListItem","position":1,"name":"Home","item":"https:\/\/pattayaoptical.com\/"},{"@type":"ListItem","position":2,"name":"Contact Lens"}]},{"@type":"WebSite","@id":"https:\/\/pattayaoptical.com\/#website","url":"https:\/\/pattayaoptical.com\/","name":"Pattaya Optical","description":"Optical services","publisher":{"@id":"https:\/\/pattayaoptical.com\/#organization"},"potentialAction":[{"@type":"SearchAction","target":{"@type":"EntryPoint","urlTemplate":"https:\/\/pattayaoptical.com\/?s={search_term_string}"},"query-input":"required name=search_term_string"}],"inLanguage":"fi"},{"@type":"Organization","@id":"https:\/\/pattayaoptical.com\/#organization","name":"Pattaya Optical","url":"https:\/\/pattayaoptical.com\/","logo":{"@type":"ImageObject","inLanguage":"fi","@id":"https:\/\/pattayaoptical.com\/#\/schema\/logo\/image\/","url":"https:\/\/pattayaoptical.com\/wp-content\/uploads\/2019\/08\/logoOP_small_orange.png","contentUrl":"https:\/\/pattayaoptical.com\/wp-content\/uploads\/2019\/08\/logoOP_small_orange.png","width":800,"height":353,"caption":"Pattaya Optical"},"image":{"@id":"https:\/\/pattayaoptical.com\/#\/schema\/logo\/image\/"}}]}},"_links":{"self":[{"href":"https:\/\/pattayaoptical.com\/fi\/wp-json\/wp\/v2\/pages\/16","targetHints":{"allow":["GET"]}}],"collection":[{"href":"https:\/\/pattayaoptical.com\/fi\/wp-json\/wp\/v2\/pages"}],"about":[{"href":"https:\/\/pattayaoptical.com\/fi\/wp-json\/wp\/v2\/types\/page"}],"author":[{"embeddable":true,"href":"https:\/\/pattayaoptical.com\/fi\/wp-json\/wp\/v2\/users\/1"}],"replies":[{"embeddable":true,"href":"https:\/\/pattayaoptical.com\/fi\/wp-json\/wp\/v2\/comments?post=16"}],"version-history":[{"count":25,"href":"https:\/\/pattayaoptical.com\/fi\/wp-json\/wp\/v2\/pages\/16\/revisions"}],"predecessor-version":[{"id":1452,"href":"https:\/\/pattayaoptical.com\/fi\/wp-json\/wp\/v2\/pages\/16\/revisions\/1452"}],"wp:attachment":[{"href":"https:\/\/pattayaoptical.com\/fi\/wp-json\/wp\/v2\/media?parent=16"}],"curies":[{"name":"wp","href":"https:\/\/api.w.org\/{rel}","templated":true}]}}