{"id":1217,"date":"2020-01-25T07:57:38","date_gmt":"2020-01-25T07:57:38","guid":{"rendered":"http:\/\/pattayaoptical.com\/?page_id=1217"},"modified":"2020-01-28T15:50:06","modified_gmt":"2020-01-28T15:50:06","slug":"multifocal-contact-lens","status":"publish","type":"page","link":"https:\/\/pattayaoptical.com\/fi\/multifocal-contact-lens\/","title":{"rendered":"(English) RGP Multifocal Contact Lens"},"content":{"rendered":"<p class=\"qtranxs-available-languages-message qtranxs-available-languages-message-fi\">T\u00e4m\u00e4 teksti on valitettavasti saatavilla vain kielill\u00e4: <a href=\"https:\/\/pattayaoptical.com\/en\/wp-json\/wp\/v2\/pages\/1217\" class=\"qtranxs-available-language-link qtranxs-available-language-link-en\" title=\"English\">English<\/a>.<\/p>","protected":false},"excerpt":{"rendered":"<p>T\u00e4m\u00e4 teksti on valitettavasti saatavilla vain kielill\u00e4: English.<\/p>\n","protected":false},"author":1,"featured_media":0,"parent":0,"menu_order":0,"comment_status":"closed","ping_status":"closed","template":"","meta":{"_monsterinsights_skip_tracking":false,"_monsterinsights_sitenote_active":false,"_monsterinsights_sitenote_note":"","_monsterinsights_sitenote_category":0,"footnotes":""},"class_list":["post-1217","page","type-page","status-publish","hentry"],"yoast_head":"<!-- This site is optimized with the Yoast SEO plugin v19.13 - https:\/\/yoast.com\/wordpress\/plugins\/seo\/ -->\n<title><\/title>\n<meta name=\"robots\" content=\"index, follow, max-snippet:-1, max-image-preview:large, max-video-preview:-1\" \/>\n<link rel=\"canonical\" href=\"https:\/\/pattayaoptical.com\/multifocal-contact-lens\/\" \/>\n<meta property=\"og:locale\" content=\"fi_FI\" \/>\n<meta property=\"og:type\" content=\"article\" \/>\n<meta property=\"og:title\" content=\"[:en]RGP Multifocal Contact Lens[:] - Pattaya Optical\" \/>\n<meta property=\"og:description\" content=\"T\u00e4m\u00e4 teksti on valitettavasti saatavilla vain kielill\u00e4: English.\" \/>\n<meta property=\"og:url\" content=\"https:\/\/pattayaoptical.com\/multifocal-contact-lens\/\" \/>\n<meta property=\"og:site_name\" content=\"Pattaya Optical\" \/>\n<meta property=\"article:modified_time\" content=\"2020-01-28T15:50:06+00:00\" \/>\n<meta property=\"og:image\" content=\"https:\/\/pattayaoptical.com\/wp-content\/uploads\/2020\/01\/RGP-progressive.jpg\" \/>\n<meta name=\"twitter:card\" content=\"summary_large_image\" \/>\n<script type=\"application\/ld+json\" class=\"yoast-schema-graph\">{\"@context\":\"https:\/\/schema.org\",\"@graph\":[{\"@type\":\"WebPage\",\"@id\":\"https:\/\/pattayaoptical.com\/multifocal-contact-lens\/\",\"url\":\"https:\/\/pattayaoptical.com\/multifocal-contact-lens\/\",\"name\":\"[:en]RGP Multifocal Contact Lens[:] - Pattaya Optical\",\"isPartOf\":{\"@id\":\"https:\/\/pattayaoptical.com\/#website\"},\"datePublished\":\"2020-01-25T07:57:38+00:00\",\"dateModified\":\"2020-01-28T15:50:06+00:00\",\"breadcrumb\":{\"@id\":\"https:\/\/pattayaoptical.com\/multifocal-contact-lens\/#breadcrumb\"},\"inLanguage\":\"fi\",\"potentialAction\":[{\"@type\":\"ReadAction\",\"target\":[\"https:\/\/pattayaoptical.com\/multifocal-contact-lens\/\"]}]},{\"@type\":\"BreadcrumbList\",\"@id\":\"https:\/\/pattayaoptical.com\/multifocal-contact-lens\/#breadcrumb\",\"itemListElement\":[{\"@type\":\"ListItem\",\"position\":1,\"name\":\"Home\",\"item\":\"https:\/\/pattayaoptical.com\/\"},{\"@type\":\"ListItem\",\"position\":2,\"name\":\"RGP Multifocal Contact Lens\"}]},{\"@type\":\"WebSite\",\"@id\":\"https:\/\/pattayaoptical.com\/#website\",\"url\":\"https:\/\/pattayaoptical.com\/\",\"name\":\"Pattaya Optical\",\"description\":\"Optical services\",\"publisher\":{\"@id\":\"https:\/\/pattayaoptical.com\/#organization\"},\"potentialAction\":[{\"@type\":\"SearchAction\",\"target\":{\"@type\":\"EntryPoint\",\"urlTemplate\":\"https:\/\/pattayaoptical.com\/?s={search_term_string}\"},\"query-input\":\"required name=search_term_string\"}],\"inLanguage\":\"fi\"},{\"@type\":\"Organization\",\"@id\":\"https:\/\/pattayaoptical.com\/#organization\",\"name\":\"Pattaya Optical\",\"url\":\"https:\/\/pattayaoptical.com\/\",\"logo\":{\"@type\":\"ImageObject\",\"inLanguage\":\"fi\",\"@id\":\"https:\/\/pattayaoptical.com\/#\/schema\/logo\/image\/\",\"url\":\"https:\/\/pattayaoptical.com\/wp-content\/uploads\/2019\/08\/logoOP_small_orange.png\",\"contentUrl\":\"https:\/\/pattayaoptical.com\/wp-content\/uploads\/2019\/08\/logoOP_small_orange.png\",\"width\":800,\"height\":353,\"caption\":\"Pattaya Optical\"},\"image\":{\"@id\":\"https:\/\/pattayaoptical.com\/#\/schema\/logo\/image\/\"}}]}<\/script>\n<!-- \/ Yoast SEO plugin. -->","yoast_head_json":{"title":"[:en]RGP Multifocal Contact Lens[:] - Pattaya Optical","robots":{"index":"index","follow":"follow","max-snippet":"max-snippet:-1","max-image-preview":"max-image-preview:large","max-video-preview":"max-video-preview:-1"},"canonical":"https:\/\/pattayaoptical.com\/multifocal-contact-lens\/","og_locale":"fi_FI","og_type":"article","og_title":"[:en]RGP Multifocal Contact Lens[:] - Pattaya Optical","og_description":"T\u00e4m\u00e4 teksti on valitettavasti saatavilla vain kielill\u00e4: English.","og_url":"https:\/\/pattayaoptical.com\/multifocal-contact-lens\/","og_site_name":"Pattaya Optical","article_modified_time":"2020-01-28T15:50:06+00:00","og_image":[{"url":"https:\/\/pattayaoptical.com\/wp-content\/uploads\/2020\/01\/RGP-progressive.jpg"}],"twitter_card":"summary_large_image","schema":{"@context":"https:\/\/schema.org","@graph":[{"@type":"WebPage","@id":"https:\/\/pattayaoptical.com\/multifocal-contact-lens\/","url":"https:\/\/pattayaoptical.com\/multifocal-contact-lens\/","name":"[:en]RGP Multifocal Contact Lens[:] - Pattaya Optical","isPartOf":{"@id":"https:\/\/pattayaoptical.com\/#website"},"datePublished":"2020-01-25T07:57:38+00:00","dateModified":"2020-01-28T15:50:06+00:00","breadcrumb":{"@id":"https:\/\/pattayaoptical.com\/multifocal-contact-lens\/#breadcrumb"},"inLanguage":"fi","potentialAction":[{"@type":"ReadAction","target":["https:\/\/pattayaoptical.com\/multifocal-contact-lens\/"]}]},{"@type":"BreadcrumbList","@id":"https:\/\/pattayaoptical.com\/multifocal-contact-lens\/#breadcrumb","itemListElement":[{"@type":"ListItem","position":1,"name":"Home","item":"https:\/\/pattayaoptical.com\/"},{"@type":"ListItem","position":2,"name":"RGP Multifocal Contact Lens"}]},{"@type":"WebSite","@id":"https:\/\/pattayaoptical.com\/#website","url":"https:\/\/pattayaoptical.com\/","name":"Pattaya Optical","description":"Optical services","publisher":{"@id":"https:\/\/pattayaoptical.com\/#organization"},"potentialAction":[{"@type":"SearchAction","target":{"@type":"EntryPoint","urlTemplate":"https:\/\/pattayaoptical.com\/?s={search_term_string}"},"query-input":"required name=search_term_string"}],"inLanguage":"fi"},{"@type":"Organization","@id":"https:\/\/pattayaoptical.com\/#organization","name":"Pattaya Optical","url":"https:\/\/pattayaoptical.com\/","logo":{"@type":"ImageObject","inLanguage":"fi","@id":"https:\/\/pattayaoptical.com\/#\/schema\/logo\/image\/","url":"https:\/\/pattayaoptical.com\/wp-content\/uploads\/2019\/08\/logoOP_small_orange.png","contentUrl":"https:\/\/pattayaoptical.com\/wp-content\/uploads\/2019\/08\/logoOP_small_orange.png","width":800,"height":353,"caption":"Pattaya Optical"},"image":{"@id":"https:\/\/pattayaoptical.com\/#\/schema\/logo\/image\/"}}]}},"_links":{"self":[{"href":"https:\/\/pattayaoptical.com\/fi\/wp-json\/wp\/v2\/pages\/1217","targetHints":{"allow":["GET"]}}],"collection":[{"href":"https:\/\/pattayaoptical.com\/fi\/wp-json\/wp\/v2\/pages"}],"about":[{"href":"https:\/\/pattayaoptical.com\/fi\/wp-json\/wp\/v2\/types\/page"}],"author":[{"embeddable":true,"href":"https:\/\/pattayaoptical.com\/fi\/wp-json\/wp\/v2\/users\/1"}],"replies":[{"embeddable":true,"href":"https:\/\/pattayaoptical.com\/fi\/wp-json\/wp\/v2\/comments?post=1217"}],"version-history":[{"count":4,"href":"https:\/\/pattayaoptical.com\/fi\/wp-json\/wp\/v2\/pages\/1217\/revisions"}],"predecessor-version":[{"id":1223,"href":"https:\/\/pattayaoptical.com\/fi\/wp-json\/wp\/v2\/pages\/1217\/revisions\/1223"}],"wp:attachment":[{"href":"https:\/\/pattayaoptical.com\/fi\/wp-json\/wp\/v2\/media?parent=1217"}],"curies":[{"name":"wp","href":"https:\/\/api.w.org\/{rel}","templated":true}]}}